{"id":87,"date":"2025-07-01T11:26:03","date_gmt":"2025-07-01T09:26:03","guid":{"rendered":"https:\/\/www.l-i-s-a.org\/?page_id=87"},"modified":"2025-07-01T11:28:22","modified_gmt":"2025-07-01T09:28:22","slug":"themen","status":"publish","type":"page","link":"https:\/\/www.l-i-s-a.org\/?page_id=87","title":{"rendered":"Themen"},"content":{"rendered":"\n<h3 class=\"wp-block-heading\"><strong>Wohnen<\/strong><\/h3>\n\n\n\n<p>LISA unterst\u00fctzt den Antrag zur Leerstanderfassung von Liste Zukunft auf Stadtratsebene:<\/p>\n\n\n\n<h3 class=\"wp-block-heading\"><strong>Mobilit\u00e4t<\/strong><\/h3>\n\n\n\n<p>Radwegverbindung zwischen Kollmarsreute und Windenreute:<\/p>\n\n\n\n<ul class=\"wp-block-list\">\n<li><a href=\"http:\/\/www.l-i-s-a.org\/wp-content\/uploads\/2025\/07\/Anschreiben-Mona-Speth.pdf\">Anschreiben Mona Speth<\/a><\/li>\n\n\n\n<li><a href=\"http:\/\/www.l-i-s-a.org\/wp-content\/uploads\/2025\/07\/Interfraktioneller-Antrag-Fahrradbrucke-K5102_060625.pdf\">Interfraktioneller Antrag Fahrradbr\u00fccke<\/a><\/li>\n<\/ul>\n\n\n\n<h3 class=\"wp-block-heading\"><strong>Familie<\/strong><\/h3>\n\n\n\n<p>LISA stimmt gegen die K\u00fcrzung der Subvention des Grundschultickets und gegen die Streichung der Drittkinderregelung.<\/p>\n\n\n\n<h3 class=\"wp-block-heading\"><strong>Integration<\/strong><\/h3>\n\n\n\n<p>LISA setzt sich gegen die Bezahlkarte ein.<\/p>\n\n\n\n<h3 class=\"wp-block-heading\"><strong>Umweltschutz<\/strong><\/h3>\n\n\n\n<p>LISA m\u00f6chte Pr\u00fcfen welche Speicherm\u00f6glichkeiten im Kreis Emmendingen m\u00f6glich sind.<\/p>\n","protected":false},"excerpt":{"rendered":"<p>Wohnen LISA unterst\u00fctzt den Antrag zur Leerstanderfassung von Liste Zukunft auf Stadtratsebene: Mobilit\u00e4t Radwegverbindung zwischen Kollmarsreute und Windenreute: Familie LISA stimmt gegen die K\u00fcrzung der Subvention des Grundschultickets und gegen die Streichung der Drittkinderregelung. Integration LISA setzt sich gegen die &hellip; <a href=\"https:\/\/www.l-i-s-a.org\/?page_id=87\">Weiterlesen <span class=\"meta-nav\">&rarr;<\/span><\/a><\/p>\n","protected":false},"author":1,"featured_media":0,"parent":0,"menu_order":0,"comment_status":"closed","ping_status":"closed","template":"","meta":{"footnotes":""},"class_list":["post-87","page","type-page","status-publish","hentry"],"_links":{"self":[{"href":"https:\/\/www.l-i-s-a.org\/index.php?rest_route=\/wp\/v2\/pages\/87"}],"collection":[{"href":"https:\/\/www.l-i-s-a.org\/index.php?rest_route=\/wp\/v2\/pages"}],"about":[{"href":"https:\/\/www.l-i-s-a.org\/index.php?rest_route=\/wp\/v2\/types\/page"}],"author":[{"embeddable":true,"href":"https:\/\/www.l-i-s-a.org\/index.php?rest_route=\/wp\/v2\/users\/1"}],"replies":[{"embeddable":true,"href":"https:\/\/www.l-i-s-a.org\/index.php?rest_route=%2Fwp%2Fv2%2Fcomments&post=87"}],"version-history":[{"count":5,"href":"https:\/\/www.l-i-s-a.org\/index.php?rest_route=\/wp\/v2\/pages\/87\/revisions"}],"predecessor-version":[{"id":96,"href":"https:\/\/www.l-i-s-a.org\/index.php?rest_route=\/wp\/v2\/pages\/87\/revisions\/96"}],"wp:attachment":[{"href":"https:\/\/www.l-i-s-a.org\/index.php?rest_route=%2Fwp%2Fv2%2Fmedia&parent=87"}],"curies":[{"name":"wp","href":"https:\/\/api.w.org\/{rel}","templated":true}]}}